{"id":274,"date":"2017-05-31T07:34:30","date_gmt":"2017-05-31T07:34:30","guid":{"rendered":"http:\/\/copilarie.org\/?page_id=274"},"modified":"2019-02-12T12:52:59","modified_gmt":"2019-02-12T12:52:59","slug":"despre","status":"publish","type":"page","link":"https:\/\/copilarie.org\/index.php\/despre\/","title":{"rendered":"Despre copil\u0103rie.org"},"content":{"rendered":"<p><img loading=\"lazy\" decoding=\"async\" class=\"aligncenter wp-image-235 size-full\" src=\"https:\/\/copilarie.org\/wp-content\/uploads\/2017\/05\/Copilarie_slogan_logo_eps.png\" alt=\"\" width=\"581\" height=\"90\" srcset=\"https:\/\/copilarie.org\/wp-content\/uploads\/2017\/05\/Copilarie_slogan_logo_eps.png 581w, https:\/\/copilarie.org\/wp-content\/uploads\/2017\/05\/Copilarie_slogan_logo_eps-300x46.png 300w\" sizes=\"auto, (max-width: 581px) 100vw, 581px\" \/><\/p>\n<p>Site-ul www.copilarie.org\u00a0este o platform\u0103 de tip info-comunitate, care se adreseaz\u0103 p\u0103rin\u0163ilor interesa\u0163i s\u0103 descopere abilit\u0103\u0163ile ascunse sau restante ale propriilor copii \u015fi s\u0103 dezvolte direc\u0163ii de valorificare a poten\u0163ialul prin muzica ludic\u0103, art\u0103 electronic\u0103, art terapie, terapie ocupational\u0103, dramo terapie (joc de rol), terapie prin lectur\u0103 (interpretarea con\u0163inutului), art\u0103 electronic\u0103, art\u0103 multimedia (anima\u0163ie, art\u0103 video, film, procesare computerizat\u0103 de imagini, etc).<\/p>\n<p>Acest proiect s-a n\u0103scut din dorin\u0163a unor p\u0103rin\u0163i de a ajuta \u015fi \u00eenlesni integrarea socio- profesional\u0103 a copilului, de a-l stimula \u00een a se dezvolta echilibrat prin cunoa\u015ftere personal\u0103 pentru prezent \u015fi viitor, ca \u00een final acesta s\u0103-\u015fi urm\u0103reasc\u0103 autenticitatea pentru tot parcursul vietii.<\/p>\n<p>Echipa site-ului include colaboratori specializa\u0163i ce \u00ee\u015fi vor pune competen\u0163ele profesionale \u00een slujba motto-ului \u201e\u00een pas cu tine\u201d.<\/p>\n<p>Complementar activit\u0103\u0163ii editoriale, platforma va organiza periodic ateliere destinate copiilor \u0219i adolescen\u021bilor. Activit\u0103\u0163ile vor avea rol formativ \u015fi terapeutic, iar instrumentele cheie vor fi stimularea ini\u0163iativei, exprimarea imagina\u0163iei \u015fi a creativit\u0103\u0163ii, mijloace cunoscute drept metode nondirective de armonizare a copilului \u0219i adolescentului cu sine \u00eensu\u015fi \u015fi cu ceilal\u0163i.<\/p>\n<p style=\"text-align: right;\"><strong>Ramona S\u0103pl\u0103can, CEO \u015fi co-founder<\/strong><\/p>\n","protected":false},"excerpt":{"rendered":"<p>Site-ul www.copilarie.org\u00a0este o platform\u0103 de tip info-comunitate, care se adreseaz\u0103 p\u0103rin\u0163ilor interesa\u0163i s\u0103 descopere abilit\u0103\u0163ile ascunse sau restante ale propriilor copii \u015fi s\u0103 dezvolte direc\u0163ii de valorificare a poten\u0163ialul prin muzica ludic\u0103, art\u0103 electronic\u0103, art terapie, terapie ocupational\u0103, dramo terapie (joc de rol), terapie prin lectur\u0103 (interpretarea con\u0163inutului), art\u0103 electronic\u0103, art\u0103 multimedia (anima\u0163ie, art\u0103 video, [&hellip;]<\/p>\n","protected":false},"author":1,"featured_media":235,"parent":0,"menu_order":0,"comment_status":"closed","ping_status":"closed","template":"","meta":{"footnotes":""},"class_list":["post-274","page","type-page","status-publish","has-post-thumbnail"],"yoast_head":"<!-- This site is optimized with the Yoast SEO plugin v23.6 - https:\/\/yoast.com\/wordpress\/plugins\/seo\/ -->\n<title>Despre copil\u0103rie.org - Copil\u0103rie.org<\/title>\n<meta name=\"robots\" content=\"index, follow, max-snippet:-1, max-image-preview:large, max-video-preview:-1\" \/>\n<link rel=\"canonical\" href=\"https:\/\/copilarie.org\/index.php\/despre\/\" \/>\n<meta property=\"og:locale\" content=\"ro_RO\" \/>\n<meta property=\"og:type\" content=\"article\" \/>\n<meta property=\"og:title\" content=\"Despre copil\u0103rie.org - Copil\u0103rie.org\" \/>\n<meta property=\"og:description\" content=\"Site-ul www.copilarie.org\u00a0este o platform\u0103 de tip info-comunitate, care se adreseaz\u0103 p\u0103rin\u0163ilor interesa\u0163i s\u0103 descopere abilit\u0103\u0163ile ascunse sau restante ale propriilor copii \u015fi s\u0103 dezvolte direc\u0163ii de valorificare a poten\u0163ialul prin muzica ludic\u0103, art\u0103 electronic\u0103, art terapie, terapie ocupational\u0103, dramo terapie (joc de rol), terapie prin lectur\u0103 (interpretarea con\u0163inutului), art\u0103 electronic\u0103, art\u0103 multimedia (anima\u0163ie, art\u0103 video, [&hellip;]\" \/>\n<meta property=\"og:url\" content=\"https:\/\/copilarie.org\/index.php\/despre\/\" \/>\n<meta property=\"og:site_name\" content=\"Copil\u0103rie.org\" \/>\n<meta property=\"article:publisher\" content=\"https:\/\/www.facebook.com\/copilarie.org\/\" \/>\n<meta property=\"article:modified_time\" content=\"2019-02-12T12:52:59+00:00\" \/>\n<meta property=\"og:image\" content=\"https:\/\/copilarie.org\/wp-content\/uploads\/2017\/05\/Copilarie_slogan_logo_eps.png\" \/>\n\t<meta property=\"og:image:width\" content=\"581\" \/>\n\t<meta property=\"og:image:height\" content=\"90\" \/>\n\t<meta property=\"og:image:type\" content=\"image\/png\" \/>\n<meta name=\"twitter:card\" content=\"summary_large_image\" \/>\n<meta name=\"twitter:site\" content=\"@CopilarieOrg\" \/>\n<meta name=\"twitter:label1\" content=\"Timp estimat pentru citire\" \/>\n\t<meta name=\"twitter:data1\" content=\"1 minut\" \/>\n<script type=\"application\/ld+json\" class=\"yoast-schema-graph\">{\"@context\":\"https:\/\/schema.org\",\"@graph\":[{\"@type\":\"WebPage\",\"@id\":\"https:\/\/copilarie.org\/index.php\/despre\/\",\"url\":\"https:\/\/copilarie.org\/index.php\/despre\/\",\"name\":\"Despre copil\u0103rie.org - Copil\u0103rie.org\",\"isPartOf\":{\"@id\":\"https:\/\/copilarie.org\/#website\"},\"primaryImageOfPage\":{\"@id\":\"https:\/\/copilarie.org\/index.php\/despre\/#primaryimage\"},\"image\":{\"@id\":\"https:\/\/copilarie.org\/index.php\/despre\/#primaryimage\"},\"thumbnailUrl\":\"https:\/\/copilarie.org\/wp-content\/uploads\/2017\/05\/Copilarie_slogan_logo_eps.png\",\"datePublished\":\"2017-05-31T07:34:30+00:00\",\"dateModified\":\"2019-02-12T12:52:59+00:00\",\"breadcrumb\":{\"@id\":\"https:\/\/copilarie.org\/index.php\/despre\/#breadcrumb\"},\"inLanguage\":\"ro-RO\",\"potentialAction\":[{\"@type\":\"ReadAction\",\"target\":[\"https:\/\/copilarie.org\/index.php\/despre\/\"]}]},{\"@type\":\"ImageObject\",\"inLanguage\":\"ro-RO\",\"@id\":\"https:\/\/copilarie.org\/index.php\/despre\/#primaryimage\",\"url\":\"https:\/\/copilarie.org\/wp-content\/uploads\/2017\/05\/Copilarie_slogan_logo_eps.png\",\"contentUrl\":\"https:\/\/copilarie.org\/wp-content\/uploads\/2017\/05\/Copilarie_slogan_logo_eps.png\",\"width\":581,\"height\":90},{\"@type\":\"BreadcrumbList\",\"@id\":\"https:\/\/copilarie.org\/index.php\/despre\/#breadcrumb\",\"itemListElement\":[{\"@type\":\"ListItem\",\"position\":1,\"name\":\"Prima pagin\u0103\",\"item\":\"https:\/\/copilarie.org\/\"},{\"@type\":\"ListItem\",\"position\":2,\"name\":\"Despre copil\u0103rie.org\"}]},{\"@type\":\"WebSite\",\"@id\":\"https:\/\/copilarie.org\/#website\",\"url\":\"https:\/\/copilarie.org\/\",\"name\":\"Copil\u0103rie.org\",\"description\":\"\u00cen pas cu tine\",\"potentialAction\":[{\"@type\":\"SearchAction\",\"target\":{\"@type\":\"EntryPoint\",\"urlTemplate\":\"https:\/\/copilarie.org\/?s={search_term_string}\"},\"query-input\":{\"@type\":\"PropertyValueSpecification\",\"valueRequired\":true,\"valueName\":\"search_term_string\"}}],\"inLanguage\":\"ro-RO\"}]}<\/script>\n<!-- \/ Yoast SEO plugin. -->","yoast_head_json":{"title":"Despre copil\u0103rie.org - Copil\u0103rie.org","robots":{"index":"index","follow":"follow","max-snippet":"max-snippet:-1","max-image-preview":"max-image-preview:large","max-video-preview":"max-video-preview:-1"},"canonical":"https:\/\/copilarie.org\/index.php\/despre\/","og_locale":"ro_RO","og_type":"article","og_title":"Despre copil\u0103rie.org - Copil\u0103rie.org","og_description":"Site-ul www.copilarie.org\u00a0este o platform\u0103 de tip info-comunitate, care se adreseaz\u0103 p\u0103rin\u0163ilor interesa\u0163i s\u0103 descopere abilit\u0103\u0163ile ascunse sau restante ale propriilor copii \u015fi s\u0103 dezvolte direc\u0163ii de valorificare a poten\u0163ialul prin muzica ludic\u0103, art\u0103 electronic\u0103, art terapie, terapie ocupational\u0103, dramo terapie (joc de rol), terapie prin lectur\u0103 (interpretarea con\u0163inutului), art\u0103 electronic\u0103, art\u0103 multimedia (anima\u0163ie, art\u0103 video, [&hellip;]","og_url":"https:\/\/copilarie.org\/index.php\/despre\/","og_site_name":"Copil\u0103rie.org","article_publisher":"https:\/\/www.facebook.com\/copilarie.org\/","article_modified_time":"2019-02-12T12:52:59+00:00","og_image":[{"width":581,"height":90,"url":"https:\/\/copilarie.org\/wp-content\/uploads\/2017\/05\/Copilarie_slogan_logo_eps.png","type":"image\/png"}],"twitter_card":"summary_large_image","twitter_site":"@CopilarieOrg","twitter_misc":{"Timp estimat pentru citire":"1 minut"},"schema":{"@context":"https:\/\/schema.org","@graph":[{"@type":"WebPage","@id":"https:\/\/copilarie.org\/index.php\/despre\/","url":"https:\/\/copilarie.org\/index.php\/despre\/","name":"Despre copil\u0103rie.org - Copil\u0103rie.org","isPartOf":{"@id":"https:\/\/copilarie.org\/#website"},"primaryImageOfPage":{"@id":"https:\/\/copilarie.org\/index.php\/despre\/#primaryimage"},"image":{"@id":"https:\/\/copilarie.org\/index.php\/despre\/#primaryimage"},"thumbnailUrl":"https:\/\/copilarie.org\/wp-content\/uploads\/2017\/05\/Copilarie_slogan_logo_eps.png","datePublished":"2017-05-31T07:34:30+00:00","dateModified":"2019-02-12T12:52:59+00:00","breadcrumb":{"@id":"https:\/\/copilarie.org\/index.php\/despre\/#breadcrumb"},"inLanguage":"ro-RO","potentialAction":[{"@type":"ReadAction","target":["https:\/\/copilarie.org\/index.php\/despre\/"]}]},{"@type":"ImageObject","inLanguage":"ro-RO","@id":"https:\/\/copilarie.org\/index.php\/despre\/#primaryimage","url":"https:\/\/copilarie.org\/wp-content\/uploads\/2017\/05\/Copilarie_slogan_logo_eps.png","contentUrl":"https:\/\/copilarie.org\/wp-content\/uploads\/2017\/05\/Copilarie_slogan_logo_eps.png","width":581,"height":90},{"@type":"BreadcrumbList","@id":"https:\/\/copilarie.org\/index.php\/despre\/#breadcrumb","itemListElement":[{"@type":"ListItem","position":1,"name":"Prima pagin\u0103","item":"https:\/\/copilarie.org\/"},{"@type":"ListItem","position":2,"name":"Despre copil\u0103rie.org"}]},{"@type":"WebSite","@id":"https:\/\/copilarie.org\/#website","url":"https:\/\/copilarie.org\/","name":"Copil\u0103rie.org","description":"\u00cen pas cu tine","potentialAction":[{"@type":"SearchAction","target":{"@type":"EntryPoint","urlTemplate":"https:\/\/copilarie.org\/?s={search_term_string}"},"query-input":{"@type":"PropertyValueSpecification","valueRequired":true,"valueName":"search_term_string"}}],"inLanguage":"ro-RO"}]}},"_links":{"self":[{"href":"https:\/\/copilarie.org\/index.php\/wp-json\/wp\/v2\/pages\/274","targetHints":{"allow":["GET"]}}],"collection":[{"href":"https:\/\/copilarie.org\/index.php\/wp-json\/wp\/v2\/pages"}],"about":[{"href":"https:\/\/copilarie.org\/index.php\/wp-json\/wp\/v2\/types\/page"}],"author":[{"embeddable":true,"href":"https:\/\/copilarie.org\/index.php\/wp-json\/wp\/v2\/users\/1"}],"replies":[{"embeddable":true,"href":"https:\/\/copilarie.org\/index.php\/wp-json\/wp\/v2\/comments?post=274"}],"version-history":[{"count":4,"href":"https:\/\/copilarie.org\/index.php\/wp-json\/wp\/v2\/pages\/274\/revisions"}],"predecessor-version":[{"id":2306,"href":"https:\/\/copilarie.org\/index.php\/wp-json\/wp\/v2\/pages\/274\/revisions\/2306"}],"wp:featuredmedia":[{"embeddable":true,"href":"https:\/\/copilarie.org\/index.php\/wp-json\/wp\/v2\/media\/235"}],"wp:attachment":[{"href":"https:\/\/copilarie.org\/index.php\/wp-json\/wp\/v2\/media?parent=274"}],"curies":[{"name":"wp","href":"https:\/\/api.w.org\/{rel}","templated":true}]}}