{"id":570,"date":"2018-06-12T12:46:31","date_gmt":"2018-06-12T12:46:31","guid":{"rendered":"http:\/\/copilarie.org\/?page_id=570"},"modified":"2018-06-12T12:49:05","modified_gmt":"2018-06-12T12:49:05","slug":"despre-cookies","status":"publish","type":"page","link":"https:\/\/copilarie.org\/index.php\/despre-cookies\/","title":{"rendered":"Despre cookies"},"content":{"rendered":"<p>Cookie-urile sunt fi\u0219iere text amplasate pe computerul sau dispozitivul dumneavoastr\u0103 mobil atunci c\u00e2nd ne accesa\u021bi pagina de internet. Cookie-urile proprii (first party) sunt setate pe domeniile pe care le vizita\u021bi la momentul respectiv. Cookie-urile ter\u0163e (third party) sunt setate pe alte domenii dec\u00e2t cele ale paginilor de internet pe care le vizita\u021bi, cum ar fi cookie-uri setate de serviciile folosite de domeniul vizitat. Informa\u021biile colectate de cookie-uri nu re\u0163in numele, datele completate \u00een formulare sau alte date personale de acest gen, \u00eens\u0103 con\u0163in un ID unic pentru a deosebi un vizitator fa\u0163\u0103 de altul, ceea ce face ca acest ID s\u0103 fie dat\u0103 cu caracter personal.<\/p>\n<p>Cookie-urile pot fi folosite \u00een diferite scopuri. \u00cen primul r\u00e2nd, pot fi necesare pentru a asigura func\u0163ionarea corect\u0103 a site-ului web. De exemplu, f\u0103r\u0103 module cookie, poate fi dificil ca site-ul web s\u0103 re\u0163in\u0103 c\u0103 te-ai conectat. Acestea sunt denumite cookie-uri necesare, \u015fi sunt active \u00een mod automat, nefiind condi\u0163ionate de acordul vizitatorului.<\/p>\n<p>Cookie-uri de analiz\u0103 colecteaz\u0103 informa\u021bii despre modul \u00een care vizitatorii folosesc o pagin\u0103 de internet, cum ar fi ce pagini sunt cele mai populare, ce metod\u0103 de conectare a paginilor este cea mai eficace \u0219i dac\u0103 utilizatorii primesc mesaje de eroare de la paginile de internet. Aceste cookie-uri ne permit s\u0103 oferim utilizatorilor o experien\u021b\u0103 de utilizare de \u00eenalt\u0103 calitate \u0219i totodat\u0103 ne permit s\u0103 m\u0103sur\u0103m audien\u021ba paginilor de internet. Ele au rolul de a contribui la \u00eembun\u0103t\u0103\u021birea modului \u00een care func\u021bioneaz\u0103 pagina noastr\u0103 de internet. Chiar dac\u0103 cookie-urile sunt unice, statisticile de utilizare a websiteului nu sunt legate de persoane individuale. Pentru a alege s\u0103 nu mai fi\u021bi urm\u0103rit de Google Analytics v\u0103 rug\u0103m s\u0103 vizita\u021bi <a href=\"http:\/\/Cookie-urile sunt fi\u0219iere text amplasate pe computerul sau dispozitivul dumneavoastr\u0103 mobil atunci c\u00e2nd ne accesa\u021bi pagina de internet. Cookie-urile proprii (first party) sunt setate pe domeniile pe care le vizita\u021bi la momentul respectiv. Cookie-urile ter\u0163e (third party) sunt setate pe alte domenii dec\u00e2t cele ale paginilor de internet pe care le vizita\u021bi, cum ar fi cookie-uri setate de serviciile folosite de domeniul vizitat. Informa\u021biile colectate de cookie-uri nu re\u0163in numele, datele completate \u00een formulare sau alte date personale de acest gen, \u00eens\u0103 con\u0163in un ID unic pentru a deosebi un vizitator fa\u0163\u0103 de altul, ceea ce face ca acest ID s\u0103 fie dat\u0103 cu caracter personal. Cookie-urile pot fi folosite \u00een diferite scopuri. \u00cen primul r\u00e2nd, pot fi necesare pentru a asigura func\u0163ionarea corect\u0103 a site-ului web. De exemplu, f\u0103r\u0103 module cookie, poate fi dificil ca site-ul web s\u0103 re\u0163in\u0103 c\u0103 te-ai conectat. Acestea sunt denumite cookie-uri necesare, \u015fi sunt active \u00een mod automat, nefiind condi\u0163ionate de acordul vizitatorului. Cookie-uri de analiz\u0103 colecteaz\u0103 informa\u021bii despre modul \u00een care vizitatorii folosesc o pagin\u0103 de internet, cum ar fi ce pagini sunt cele mai populare, ce metod\u0103 de conectare a paginilor este cea mai eficace \u0219i dac\u0103 utilizatorii primesc mesaje de eroare de la paginile de internet. Aceste cookie-uri ne permit s\u0103 oferim utilizatorilor o experien\u021b\u0103 de utilizare de \u00eenalt\u0103 calitate \u0219i totodat\u0103 ne permit s\u0103 m\u0103sur\u0103m audien\u021ba paginilor de internet. Ele au rolul de a contribui la \u00eembun\u0103t\u0103\u021birea modului \u00een care func\u021bioneaz\u0103 pagina noastr\u0103 de internet. Chiar dac\u0103 cookie-urile sunt unice, statisticile de utilizare a websiteului nu sunt legate de persoane individuale.Pentru a alege s\u0103 nu mai fi\u021bi urm\u0103rit de Google Analytics v\u0103 rug\u0103m s\u0103 vizita\u021bi http:\/\/tools.google.com\/dlpage\/gaoptout. \u00cen al treilea r\u00e2nd, atunci c\u00e2nd integr\u0103m \u00een site plug-inuri ale re\u0163elelor de socializare, acestea plaseaz\u0103 cookie-uri social media pentru a-\u0163i da posibilitatea s\u0103 apreciezi sau s\u0103 distribui o postare pe serviciul de socializare preferat. Pentru ca folosim WordPress ca platforma pentru acest site aici poate fi consultata lista cookie-urilor folosite de WordPress.\">http:\/\/tools.google.com\/dlpage\/gaoptout<\/a>.<\/p>\n<p>\u00cen al treilea r\u00e2nd, atunci c\u00e2nd integr\u0103m \u00een site plug-inuri ale re\u0163elelor de socializare, acestea plaseaz\u0103 cookie-uri social media pentru a-\u0163i da posibilitatea s\u0103 apreciezi sau s\u0103 distribui o postare pe serviciul de socializare preferat.<\/p>\n<p>Pentru ca folosim WordPress ca platform\u0103 pentru acest site <a href=\"https:\/\/automattic.com\/cookies\/\">aici<\/a> poate fi consultata lista cookie-urilor folosite de WordPress.<\/p>\n","protected":false},"excerpt":{"rendered":"<p>Cookie-urile sunt fi\u0219iere text amplasate pe computerul sau dispozitivul dumneavoastr\u0103 mobil atunci c\u00e2nd ne accesa\u021bi pagina de internet. Cookie-urile proprii (first party) sunt setate pe domeniile pe care le vizita\u021bi la momentul respectiv. Cookie-urile ter\u0163e (third party) sunt setate pe alte domenii dec\u00e2t cele ale paginilor de internet pe care le vizita\u021bi, cum ar fi [&hellip;]<\/p>\n","protected":false},"author":1,"featured_media":0,"parent":0,"menu_order":0,"comment_status":"closed","ping_status":"closed","template":"","meta":{"footnotes":""},"class_list":["post-570","page","type-page","status-publish"],"yoast_head":"<!-- This site is optimized with the Yoast SEO plugin v23.6 - https:\/\/yoast.com\/wordpress\/plugins\/seo\/ -->\n<title>Despre cookies - Copil\u0103rie.org<\/title>\n<meta name=\"robots\" content=\"index, follow, max-snippet:-1, max-image-preview:large, max-video-preview:-1\" \/>\n<link rel=\"canonical\" href=\"https:\/\/copilarie.org\/index.php\/despre-cookies\/\" \/>\n<meta property=\"og:locale\" content=\"ro_RO\" \/>\n<meta property=\"og:type\" content=\"article\" \/>\n<meta property=\"og:title\" content=\"Despre cookies - Copil\u0103rie.org\" \/>\n<meta property=\"og:description\" content=\"Cookie-urile sunt fi\u0219iere text amplasate pe computerul sau dispozitivul dumneavoastr\u0103 mobil atunci c\u00e2nd ne accesa\u021bi pagina de internet. Cookie-urile proprii (first party) sunt setate pe domeniile pe care le vizita\u021bi la momentul respectiv. Cookie-urile ter\u0163e (third party) sunt setate pe alte domenii dec\u00e2t cele ale paginilor de internet pe care le vizita\u021bi, cum ar fi [&hellip;]\" \/>\n<meta property=\"og:url\" content=\"https:\/\/copilarie.org\/index.php\/despre-cookies\/\" \/>\n<meta property=\"og:site_name\" content=\"Copil\u0103rie.org\" \/>\n<meta property=\"article:publisher\" content=\"https:\/\/www.facebook.com\/copilarie.org\/\" \/>\n<meta property=\"article:modified_time\" content=\"2018-06-12T12:49:05+00:00\" \/>\n<meta name=\"twitter:card\" content=\"summary_large_image\" \/>\n<meta name=\"twitter:site\" content=\"@CopilarieOrg\" \/>\n<meta name=\"twitter:label1\" content=\"Timp estimat pentru citire\" \/>\n\t<meta name=\"twitter:data1\" content=\"2 minute\" \/>\n<script type=\"application\/ld+json\" class=\"yoast-schema-graph\">{\"@context\":\"https:\/\/schema.org\",\"@graph\":[{\"@type\":\"WebPage\",\"@id\":\"https:\/\/copilarie.org\/index.php\/despre-cookies\/\",\"url\":\"https:\/\/copilarie.org\/index.php\/despre-cookies\/\",\"name\":\"Despre cookies - Copil\u0103rie.org\",\"isPartOf\":{\"@id\":\"https:\/\/copilarie.org\/#website\"},\"datePublished\":\"2018-06-12T12:46:31+00:00\",\"dateModified\":\"2018-06-12T12:49:05+00:00\",\"breadcrumb\":{\"@id\":\"https:\/\/copilarie.org\/index.php\/despre-cookies\/#breadcrumb\"},\"inLanguage\":\"ro-RO\",\"potentialAction\":[{\"@type\":\"ReadAction\",\"target\":[\"https:\/\/copilarie.org\/index.php\/despre-cookies\/\"]}]},{\"@type\":\"BreadcrumbList\",\"@id\":\"https:\/\/copilarie.org\/index.php\/despre-cookies\/#breadcrumb\",\"itemListElement\":[{\"@type\":\"ListItem\",\"position\":1,\"name\":\"Prima pagin\u0103\",\"item\":\"https:\/\/copilarie.org\/\"},{\"@type\":\"ListItem\",\"position\":2,\"name\":\"Despre cookies\"}]},{\"@type\":\"WebSite\",\"@id\":\"https:\/\/copilarie.org\/#website\",\"url\":\"https:\/\/copilarie.org\/\",\"name\":\"Copil\u0103rie.org\",\"description\":\"\u00cen pas cu tine\",\"potentialAction\":[{\"@type\":\"SearchAction\",\"target\":{\"@type\":\"EntryPoint\",\"urlTemplate\":\"https:\/\/copilarie.org\/?s={search_term_string}\"},\"query-input\":{\"@type\":\"PropertyValueSpecification\",\"valueRequired\":true,\"valueName\":\"search_term_string\"}}],\"inLanguage\":\"ro-RO\"}]}<\/script>\n<!-- \/ Yoast SEO plugin. -->","yoast_head_json":{"title":"Despre cookies - Copil\u0103rie.org","robots":{"index":"index","follow":"follow","max-snippet":"max-snippet:-1","max-image-preview":"max-image-preview:large","max-video-preview":"max-video-preview:-1"},"canonical":"https:\/\/copilarie.org\/index.php\/despre-cookies\/","og_locale":"ro_RO","og_type":"article","og_title":"Despre cookies - Copil\u0103rie.org","og_description":"Cookie-urile sunt fi\u0219iere text amplasate pe computerul sau dispozitivul dumneavoastr\u0103 mobil atunci c\u00e2nd ne accesa\u021bi pagina de internet. Cookie-urile proprii (first party) sunt setate pe domeniile pe care le vizita\u021bi la momentul respectiv. Cookie-urile ter\u0163e (third party) sunt setate pe alte domenii dec\u00e2t cele ale paginilor de internet pe care le vizita\u021bi, cum ar fi [&hellip;]","og_url":"https:\/\/copilarie.org\/index.php\/despre-cookies\/","og_site_name":"Copil\u0103rie.org","article_publisher":"https:\/\/www.facebook.com\/copilarie.org\/","article_modified_time":"2018-06-12T12:49:05+00:00","twitter_card":"summary_large_image","twitter_site":"@CopilarieOrg","twitter_misc":{"Timp estimat pentru citire":"2 minute"},"schema":{"@context":"https:\/\/schema.org","@graph":[{"@type":"WebPage","@id":"https:\/\/copilarie.org\/index.php\/despre-cookies\/","url":"https:\/\/copilarie.org\/index.php\/despre-cookies\/","name":"Despre cookies - Copil\u0103rie.org","isPartOf":{"@id":"https:\/\/copilarie.org\/#website"},"datePublished":"2018-06-12T12:46:31+00:00","dateModified":"2018-06-12T12:49:05+00:00","breadcrumb":{"@id":"https:\/\/copilarie.org\/index.php\/despre-cookies\/#breadcrumb"},"inLanguage":"ro-RO","potentialAction":[{"@type":"ReadAction","target":["https:\/\/copilarie.org\/index.php\/despre-cookies\/"]}]},{"@type":"BreadcrumbList","@id":"https:\/\/copilarie.org\/index.php\/despre-cookies\/#breadcrumb","itemListElement":[{"@type":"ListItem","position":1,"name":"Prima pagin\u0103","item":"https:\/\/copilarie.org\/"},{"@type":"ListItem","position":2,"name":"Despre cookies"}]},{"@type":"WebSite","@id":"https:\/\/copilarie.org\/#website","url":"https:\/\/copilarie.org\/","name":"Copil\u0103rie.org","description":"\u00cen pas cu tine","potentialAction":[{"@type":"SearchAction","target":{"@type":"EntryPoint","urlTemplate":"https:\/\/copilarie.org\/?s={search_term_string}"},"query-input":{"@type":"PropertyValueSpecification","valueRequired":true,"valueName":"search_term_string"}}],"inLanguage":"ro-RO"}]}},"_links":{"self":[{"href":"https:\/\/copilarie.org\/index.php\/wp-json\/wp\/v2\/pages\/570","targetHints":{"allow":["GET"]}}],"collection":[{"href":"https:\/\/copilarie.org\/index.php\/wp-json\/wp\/v2\/pages"}],"about":[{"href":"https:\/\/copilarie.org\/index.php\/wp-json\/wp\/v2\/types\/page"}],"author":[{"embeddable":true,"href":"https:\/\/copilarie.org\/index.php\/wp-json\/wp\/v2\/users\/1"}],"replies":[{"embeddable":true,"href":"https:\/\/copilarie.org\/index.php\/wp-json\/wp\/v2\/comments?post=570"}],"version-history":[{"count":2,"href":"https:\/\/copilarie.org\/index.php\/wp-json\/wp\/v2\/pages\/570\/revisions"}],"predecessor-version":[{"id":572,"href":"https:\/\/copilarie.org\/index.php\/wp-json\/wp\/v2\/pages\/570\/revisions\/572"}],"wp:attachment":[{"href":"https:\/\/copilarie.org\/index.php\/wp-json\/wp\/v2\/media?parent=570"}],"curies":[{"name":"wp","href":"https:\/\/api.w.org\/{rel}","templated":true}]}}